{"id":18183,"date":"2024-07-10T13:41:38","date_gmt":"2024-07-10T16:41:38","guid":{"rendered":"https:\/\/web-blu.denomades.com\/blog\/home\/"},"modified":"2024-08-09T13:18:31","modified_gmt":"2024-08-09T16:18:31","slug":"home","status":"publish","type":"page","link":"https:\/\/www.nomades.com\/blog\/pt-br\/","title":{"rendered":"Home Portugu\u00e9s"},"content":{"rendered":"<div class=\"parent\">\n                    <div class=\"div1 post\" style=\"background-image: url('https:\/\/denomades-blog.imgix.net\/blog\/wp-content\/uploads\/2025\/01\/22070226\/laguna_cejar.webp?auto=compress%2Cformat&ixlib=php-3.3.1?auto=format,compress&w=800&h=600&fit=crop'); width: 100%; height: auto;\" aria-label=\"Imagen destacada: Passagens em San Pedro de Atacama: O que voc\u00ea deve saber antes de viajar\">\n            <a href=\"https:\/\/www.nomades.com\/blog\/ingressos-san-pedro-de-atacama\" aria-label=\"Leer m\u00e1s sobre Passagens em San Pedro de Atacama: O que voc\u00ea deve saber antes de viajar\" class=\"overlay-link\">\n                <div class=\"overlay\"><\/div>\n                <span class=\"category-hero\">Chile<\/span>\n                <div class=\"text-container\">\n                    <h2 class=\"title\">Passagens em San Pedro de Atacama: O que voc\u00ea deve saber antes de viajar<\/h2>\n                                            <p class=\"p-custom force-two-lines\">San Pedro de Atacama \u00e9 um destino que combina paisagens surreais, cultura milenar e aventuras inesquec\u00edveis. Com uma grande variedade&hellip;<\/p>\n                                        <div class=\"foot\">\n                        <p>Por Jos\u00e9<\/p>\n                        <p>22 janeiro, 2025<\/p>\n                    <\/div>\n                <\/div>\n                <button class=\"overlay-button\">Leer m\u00e1s<\/button>\n            <\/a>\n            \n        <\/div>\n                     <div class=\"div2 post\" style=\"background-image: url('https:\/\/denomades-blog.imgix.net\/blog\/wp-content\/uploads\/2025\/01\/09033314\/02-EL-CALAFATE-141_1555x1037.avif?auto=compress%2Cformat&ixlib=php-3.3.1?auto=format,compress&w=800&h=600&fit=crop'); width: 100%; height: auto;\" aria-label=\"Imagen destacada: Guia completo de ingressos para parques nacionais argentinos\">\n            <a href=\"https:\/\/www.nomades.com\/blog\/ingressos-parques-nacionais-argentina\" aria-label=\"Leer m\u00e1s sobre Guia completo de ingressos para parques nacionais argentinos\" class=\"overlay-link\">\n                <div class=\"overlay\"><\/div>\n                <span class=\"category-hero\">Argentina<\/span>\n                <div class=\"text-container\">\n                    <h2 class=\"title\">Guia completo de ingressos para parques nacionais argentinos<\/h2>\n                                        <div class=\"foot\">\n                        <p>Por Jos\u00e9<\/p>\n                        <p>27 dezembro, 2024<\/p>\n                    <\/div>\n                <\/div>\n                <button class=\"overlay-button\">Leer m\u00e1s<\/button>\n            <\/a>\n            \n        <\/div>\n                     <div class=\"div3 post\" style=\"background-image: url('https:\/\/www.nomades.com\/blog\/wp-content\/uploads\/2020\/05\/ca-times.brightspotcdn.com_.jpg?auto=format,compress&w=800&h=600&fit=crop'); width: 100%; height: auto;\" aria-label=\"Imagen destacada: O que fazer em Cartagena das \u00cdndias: 7 panoramas imperd\u00edveis\">\n            <a href=\"https:\/\/www.nomades.com\/blog\/o-que-fazer-em-cartagena-panoramas-imperdiveis\" aria-label=\"Leer m\u00e1s sobre O que fazer em Cartagena das \u00cdndias: 7 panoramas imperd\u00edveis\" class=\"overlay-link\">\n                <div class=\"overlay\"><\/div>\n                <span class=\"category-hero\">Col\u00f4mbia<\/span>\n                <div class=\"text-container\">\n                    <h2 class=\"title\">O que fazer em Cartagena das \u00cdndias: 7 panoramas imperd\u00edveis<\/h2>\n                                        <div class=\"foot\">\n                        <p>Por M\u00f3nica<\/p>\n                        <p>26 agosto, 2024<\/p>\n                    <\/div>\n                <\/div>\n                <button class=\"overlay-button\">Leer m\u00e1s<\/button>\n            <\/a>\n            \n        <\/div>\n                     <div class=\"div4 post\" style=\"background-image: url('https:\/\/denomades-blog.imgix.net\/blog\/wp-content\/uploads\/2025\/01\/09033800\/Salar_Uyuni_foto3.avif?auto=compress%2Cformat&ixlib=php-3.3.1?auto=format,compress&w=800&h=600&fit=crop'); width: 100%; height: auto;\" aria-label=\"Imagen destacada: Efeitos fotogr\u00e1ficos no Salar de Uyuni: Como os consegues\">\n            <a href=\"https:\/\/www.nomades.com\/blog\/efeitos-fotograficos-no-salario-de-uyuni-como-os-obtemos\" aria-label=\"Leer m\u00e1s sobre Efeitos fotogr\u00e1ficos no Salar de Uyuni: Como os consegues\" class=\"overlay-link\">\n                <div class=\"overlay\"><\/div>\n                <span class=\"category-hero\">Uyuni<\/span>\n                <div class=\"text-container\">\n                    <h2 class=\"title\">Efeitos fotogr\u00e1ficos no Salar de Uyuni: Como os consegues<\/h2>\n                                        <div class=\"foot\">\n                        <p>Por Eduard<\/p>\n                        <p>23 agosto, 2024<\/p>\n                    <\/div>\n                <\/div>\n                <button class=\"overlay-button\">Leer m\u00e1s<\/button>\n            <\/a>\n            \n        <\/div>\n                     <div class=\"div5 post\" style=\"background-image: url('https:\/\/denomades-blog.imgix.net\/blog\/wp-content\/uploads\/2024\/07\/31023153\/pexels-tom-d-arby-3904203-6198949.jpg?auto=compress%2Cformat&ixlib=php-3.3.1?auto=format,compress&w=800&h=600&fit=crop'); width: 100%; height: auto;\" aria-label=\"Imagen destacada: 10 lugares para ver em Roma antes de morreres\">\n            <a href=\"https:\/\/www.nomades.com\/blog\/sitios-para-ver-em-roma\" aria-label=\"Leer m\u00e1s sobre 10 lugares para ver em Roma antes de morreres\" class=\"overlay-link\">\n                <div class=\"overlay\"><\/div>\n                <span class=\"category-hero\">It\u00e1lia<\/span>\n                <div class=\"text-container\">\n                    <h2 class=\"title\">10 lugares para ver em Roma antes de morreres<\/h2>\n                                        <div class=\"foot\">\n                        <p>Por M\u00f3nica<\/p>\n                        <p>23 agosto, 2024<\/p>\n                    <\/div>\n                <\/div>\n                <button class=\"overlay-button\">Leer m\u00e1s<\/button>\n            <\/a>\n            \n        <\/div>\n     <\/div>\n\n\n\n<p>Home en portugu\u00e9s &#8211; PT 2<\/p>\n\n\n\n<p>Prueba 2<\/p>\n","protected":false},"excerpt":{"rendered":"<p>Home en portugu\u00e9s &#8211; PT 2 Prueba 2<\/p>\n","protected":false},"author":4,"featured_media":0,"parent":0,"menu_order":0,"comment_status":"closed","ping_status":"closed","template":"","meta":{"footnotes":""},"class_list":["post-18183","page","type-page","status-publish","hentry"],"yoast_head":"<!-- This site is optimized with the Yoast SEO plugin v24.2 - https:\/\/yoast.com\/wordpress\/plugins\/seo\/ -->\n<title>Blog Denomades: Informa\u00e7\u00f5es e guia de viagem, o que fazer e ver<\/title>\n<meta name=\"description\" content=\"Os melhores guias de viagem, para saber o que fazer e o que ver visitando os melhores lugares do mundo, tudo para sua pr\u00f3xima viagem.\" \/>\n<meta name=\"robots\" content=\"index, follow, max-snippet:-1, max-image-preview:large, max-video-preview:-1\" \/>\n<link rel=\"canonical\" href=\"https:\/\/www.nomades.com\/blog\/pt-br\/\" \/>\n<meta property=\"og:locale\" content=\"pt_BR\" \/>\n<meta property=\"og:type\" content=\"article\" \/>\n<meta property=\"og:title\" content=\"Blog Denomades: Informa\u00e7\u00f5es e guia de viagem, o que fazer e ver\" \/>\n<meta property=\"og:description\" content=\"Os melhores guias de viagem, para saber o que fazer e o que ver visitando os melhores lugares do mundo, tudo para sua pr\u00f3xima viagem.\" \/>\n<meta property=\"og:url\" content=\"https:\/\/www.nomades.com\/blog\/pt-br\/\" \/>\n<meta property=\"og:site_name\" content=\"Blog Nomades: Informaci\u00f3n y gu\u00eda de viajes, qu\u00e9 hacer, ver y visita\" \/>\n<meta property=\"article:publisher\" content=\"https:\/\/www.facebook.com\/denomades\" \/>\n<meta property=\"article:modified_time\" content=\"2024-08-09T16:18:31+00:00\" \/>\n<meta property=\"og:image\" content=\"https:\/\/denomades-blog.imgix.net\/blog\/wp-content\/uploads\/2018\/01\/18161848\/portada.jpg?auto=compress%2Cformat&ixlib=php-3.3.1\" \/>\n\t<meta property=\"og:image:width\" content=\"1879\" \/>\n\t<meta property=\"og:image:height\" content=\"1255\" \/>\n\t<meta property=\"og:image:type\" content=\"image\/jpeg\" \/>\n<meta name=\"twitter:label1\" content=\"Est. tempo de leitura\" \/>\n\t<meta name=\"twitter:data1\" content=\"1 minuto\" \/>\n<script type=\"application\/ld+json\" class=\"yoast-schema-graph\">{\"@context\":\"https:\/\/schema.org\",\"@graph\":[{\"@type\":\"WebPage\",\"@id\":\"https:\/\/www.nomades.com\/blog\/pt-br\/\",\"url\":\"https:\/\/www.nomades.com\/blog\/pt-br\/\",\"name\":\"Blog Denomades: Informa\u00e7\u00f5es e guia de viagem, o que fazer e ver\",\"isPartOf\":{\"@id\":\"https:\/\/www.nomades.com\/blog\/pt-br\/#website\"},\"datePublished\":\"2024-07-10T16:41:38+00:00\",\"dateModified\":\"2024-08-09T16:18:31+00:00\",\"description\":\"Os melhores guias de viagem, para saber o que fazer e o que ver visitando os melhores lugares do mundo, tudo para sua pr\u00f3xima viagem.\",\"breadcrumb\":{\"@id\":\"https:\/\/www.nomades.com\/blog\/pt-br\/#breadcrumb\"},\"inLanguage\":\"pt-BR\",\"potentialAction\":[{\"@type\":\"ReadAction\",\"target\":[\"https:\/\/www.nomades.com\/blog\/pt-br\/\"]}]},{\"@type\":\"BreadcrumbList\",\"@id\":\"https:\/\/www.nomades.com\/blog\/pt-br\/#breadcrumb\",\"itemListElement\":[{\"@type\":\"ListItem\",\"position\":1,\"name\":\"In\u00edcio\",\"item\":\"https:\/\/www.nomades.com\/blog\/pt-br\/\"},{\"@type\":\"ListItem\",\"position\":2,\"name\":\"Home Portugu\u00e9s\"}]},{\"@type\":\"WebSite\",\"@id\":\"https:\/\/www.nomades.com\/blog\/pt-br\/#website\",\"url\":\"https:\/\/www.nomades.com\/blog\/pt-br\/\",\"name\":\"Blog Nomades: Informaci\u00f3n y gu\u00eda de viajes, qu\u00e9 hacer, ver y visita\",\"description\":\"O principal site de reservas de passeios on-line da Am\u00e9rica do Sul. Conosco, voc\u00ea pode descobrir e reservar milhares de atividades incr\u00edveis on-line. Desde um passeio de tr\u00eas dias pela Amaz\u00f4nia peruana at\u00e9 um circuito de cinco dias na Patag\u00f4nia chilena.\",\"publisher\":{\"@id\":\"https:\/\/www.nomades.com\/blog\/pt-br\/#organization\"},\"potentialAction\":[{\"@type\":\"SearchAction\",\"target\":{\"@type\":\"EntryPoint\",\"urlTemplate\":\"https:\/\/www.nomades.com\/blog\/pt-br\/?s={search_term_string}\"},\"query-input\":{\"@type\":\"PropertyValueSpecification\",\"valueRequired\":true,\"valueName\":\"search_term_string\"}}],\"inLanguage\":\"pt-BR\"},{\"@type\":\"Organization\",\"@id\":\"https:\/\/www.nomades.com\/blog\/pt-br\/#organization\",\"name\":\"Blog Nomades: Informaci\u00f3n y gu\u00eda de viajes, qu\u00e9 hacer, ver y visita\",\"url\":\"https:\/\/www.nomades.com\/blog\/pt-br\/\",\"logo\":{\"@type\":\"ImageObject\",\"inLanguage\":\"pt-BR\",\"@id\":\"https:\/\/www.nomades.com\/blog\/pt-br\/#\/schema\/logo\/image\/\",\"url\":\"https:\/\/denomades-blog.imgix.net\/blog\/wp-content\/uploads\/2025\/09\/30113339\/logo@3x.png?auto=compress%2Cformat&ixlib=php-3.3.1\",\"contentUrl\":\"https:\/\/denomades-blog.imgix.net\/blog\/wp-content\/uploads\/2025\/09\/30113339\/logo@3x.png?auto=compress%2Cformat&ixlib=php-3.3.1\",\"width\":400,\"height\":50,\"caption\":\"Blog Nomades: Informaci\u00f3n y gu\u00eda de viajes, qu\u00e9 hacer, ver y visita\"},\"image\":{\"@id\":\"https:\/\/www.nomades.com\/blog\/pt-br\/#\/schema\/logo\/image\/\"},\"sameAs\":[\"https:\/\/www.facebook.com\/denomades\",\"https:\/\/www.instagram.com\/denomades\/\",\"https:\/\/cl.pinterest.com\/denomades\/\",\"https:\/\/www.tiktok.com\/@denomades.com\",\"https:\/\/www.youtube.com\/@Denomades\"]}]}<\/script>\n<!-- \/ Yoast SEO plugin. -->","yoast_head_json":{"title":"Blog Denomades: Informa\u00e7\u00f5es e guia de viagem, o que fazer e ver","description":"Os melhores guias de viagem, para saber o que fazer e o que ver visitando os melhores lugares do mundo, tudo para sua pr\u00f3xima viagem.","robots":{"index":"index","follow":"follow","max-snippet":"max-snippet:-1","max-image-preview":"max-image-preview:large","max-video-preview":"max-video-preview:-1"},"canonical":"https:\/\/www.nomades.com\/blog\/pt-br\/","og_locale":"pt_BR","og_type":"article","og_title":"Blog Denomades: Informa\u00e7\u00f5es e guia de viagem, o que fazer e ver","og_description":"Os melhores guias de viagem, para saber o que fazer e o que ver visitando os melhores lugares do mundo, tudo para sua pr\u00f3xima viagem.","og_url":"https:\/\/www.nomades.com\/blog\/pt-br\/","og_site_name":"Blog Nomades: Informaci\u00f3n y gu\u00eda de viajes, qu\u00e9 hacer, ver y visita","article_publisher":"https:\/\/www.facebook.com\/denomades","article_modified_time":"2024-08-09T16:18:31+00:00","og_image":[{"width":1879,"height":1255,"url":"https:\/\/denomades-blog.imgix.net\/blog\/wp-content\/uploads\/2018\/01\/18161848\/portada.jpg?auto=compress%2Cformat&ixlib=php-3.3.1","type":"image\/jpeg"}],"twitter_misc":{"Est. tempo de leitura":"1 minuto"},"schema":{"@context":"https:\/\/schema.org","@graph":[{"@type":"WebPage","@id":"https:\/\/www.nomades.com\/blog\/pt-br\/","url":"https:\/\/www.nomades.com\/blog\/pt-br\/","name":"Blog Denomades: Informa\u00e7\u00f5es e guia de viagem, o que fazer e ver","isPartOf":{"@id":"https:\/\/www.nomades.com\/blog\/pt-br\/#website"},"datePublished":"2024-07-10T16:41:38+00:00","dateModified":"2024-08-09T16:18:31+00:00","description":"Os melhores guias de viagem, para saber o que fazer e o que ver visitando os melhores lugares do mundo, tudo para sua pr\u00f3xima viagem.","breadcrumb":{"@id":"https:\/\/www.nomades.com\/blog\/pt-br\/#breadcrumb"},"inLanguage":"pt-BR","potentialAction":[{"@type":"ReadAction","target":["https:\/\/www.nomades.com\/blog\/pt-br\/"]}]},{"@type":"BreadcrumbList","@id":"https:\/\/www.nomades.com\/blog\/pt-br\/#breadcrumb","itemListElement":[{"@type":"ListItem","position":1,"name":"In\u00edcio","item":"https:\/\/www.nomades.com\/blog\/pt-br\/"},{"@type":"ListItem","position":2,"name":"Home Portugu\u00e9s"}]},{"@type":"WebSite","@id":"https:\/\/www.nomades.com\/blog\/pt-br\/#website","url":"https:\/\/www.nomades.com\/blog\/pt-br\/","name":"Blog Nomades: Informaci\u00f3n y gu\u00eda de viajes, qu\u00e9 hacer, ver y visita","description":"O principal site de reservas de passeios on-line da Am\u00e9rica do Sul. Conosco, voc\u00ea pode descobrir e reservar milhares de atividades incr\u00edveis on-line. Desde um passeio de tr\u00eas dias pela Amaz\u00f4nia peruana at\u00e9 um circuito de cinco dias na Patag\u00f4nia chilena.","publisher":{"@id":"https:\/\/www.nomades.com\/blog\/pt-br\/#organization"},"potentialAction":[{"@type":"SearchAction","target":{"@type":"EntryPoint","urlTemplate":"https:\/\/www.nomades.com\/blog\/pt-br\/?s={search_term_string}"},"query-input":{"@type":"PropertyValueSpecification","valueRequired":true,"valueName":"search_term_string"}}],"inLanguage":"pt-BR"},{"@type":"Organization","@id":"https:\/\/www.nomades.com\/blog\/pt-br\/#organization","name":"Blog Nomades: Informaci\u00f3n y gu\u00eda de viajes, qu\u00e9 hacer, ver y visita","url":"https:\/\/www.nomades.com\/blog\/pt-br\/","logo":{"@type":"ImageObject","inLanguage":"pt-BR","@id":"https:\/\/www.nomades.com\/blog\/pt-br\/#\/schema\/logo\/image\/","url":"https:\/\/denomades-blog.imgix.net\/blog\/wp-content\/uploads\/2025\/09\/30113339\/logo@3x.png?auto=compress%2Cformat&ixlib=php-3.3.1","contentUrl":"https:\/\/denomades-blog.imgix.net\/blog\/wp-content\/uploads\/2025\/09\/30113339\/logo@3x.png?auto=compress%2Cformat&ixlib=php-3.3.1","width":400,"height":50,"caption":"Blog Nomades: Informaci\u00f3n y gu\u00eda de viajes, qu\u00e9 hacer, ver y visita"},"image":{"@id":"https:\/\/www.nomades.com\/blog\/pt-br\/#\/schema\/logo\/image\/"},"sameAs":["https:\/\/www.facebook.com\/denomades","https:\/\/www.instagram.com\/denomades\/","https:\/\/cl.pinterest.com\/denomades\/","https:\/\/www.tiktok.com\/@denomades.com","https:\/\/www.youtube.com\/@Denomades"]}]}},"_links":{"self":[{"href":"https:\/\/www.nomades.com\/blog\/pt-br\/wp-json\/wp\/v2\/pages\/18183"}],"collection":[{"href":"https:\/\/www.nomades.com\/blog\/pt-br\/wp-json\/wp\/v2\/pages"}],"about":[{"href":"https:\/\/www.nomades.com\/blog\/pt-br\/wp-json\/wp\/v2\/types\/page"}],"author":[{"embeddable":true,"href":"https:\/\/www.nomades.com\/blog\/pt-br\/wp-json\/wp\/v2\/users\/4"}],"replies":[{"embeddable":true,"href":"https:\/\/www.nomades.com\/blog\/pt-br\/wp-json\/wp\/v2\/comments?post=18183"}],"version-history":[{"count":14,"href":"https:\/\/www.nomades.com\/blog\/pt-br\/wp-json\/wp\/v2\/pages\/18183\/revisions"}],"predecessor-version":[{"id":19160,"href":"https:\/\/www.nomades.com\/blog\/pt-br\/wp-json\/wp\/v2\/pages\/18183\/revisions\/19160"}],"wp:attachment":[{"href":"https:\/\/www.nomades.com\/blog\/pt-br\/wp-json\/wp\/v2\/media?parent=18183"}],"curies":[{"name":"wp","href":"https:\/\/api.w.org\/{rel}","templated":true}]}}