{"id":20039,"date":"2025-01-13T10:28:45","date_gmt":"2025-01-13T13:28:45","guid":{"rendered":"https:\/\/www.denomades.com\/blog\/home-2\/"},"modified":"2025-01-13T10:28:46","modified_gmt":"2025-01-13T13:28:46","slug":"home-2","status":"publish","type":"page","link":"https:\/\/www.nomades.com\/blog\/en\/","title":{"rendered":"Home"},"content":{"rendered":"\n<p><\/p>\n\n<p>This is the home page in Spanish<\/p>\n","protected":false},"excerpt":{"rendered":"<p>This is the home page in Spanish<\/p>\n","protected":false},"author":4,"featured_media":0,"parent":0,"menu_order":0,"comment_status":"closed","ping_status":"closed","template":"","meta":{"footnotes":""},"class_list":["post-20039","page","type-page","status-publish","hentry"],"yoast_head":"<!-- This site is optimized with the Yoast SEO plugin v24.2 - https:\/\/yoast.com\/wordpress\/plugins\/seo\/ -->\n<title>Blog Nomades: Informaci\u00f3n y gu\u00eda de viajes, qu\u00e9 hacer, ver y visita<\/title>\n<meta name=\"description\" content=\"The best travel guides, to know what to do and what to see visiting the best places in the world, everything for your next trip.\" \/>\n<meta name=\"robots\" content=\"index, follow, max-snippet:-1, max-image-preview:large, max-video-preview:-1\" \/>\n<link rel=\"canonical\" href=\"https:\/\/www.nomades.com\/blog\/en\/\" \/>\n<meta property=\"og:locale\" content=\"en_US\" \/>\n<meta property=\"og:type\" content=\"article\" \/>\n<meta property=\"og:title\" content=\"Blog Nomades: Informaci\u00f3n y gu\u00eda de viajes, qu\u00e9 hacer, ver y visita\" \/>\n<meta property=\"og:description\" content=\"The best travel guides, to know what to do and what to see visiting the best places in the world, everything for your next trip.\" \/>\n<meta property=\"og:url\" content=\"https:\/\/www.nomades.com\/blog\/en\/\" \/>\n<meta property=\"og:site_name\" content=\"Blog Nomades: Informaci\u00f3n y gu\u00eda de viajes, qu\u00e9 hacer, ver y visita\" \/>\n<meta property=\"article:publisher\" content=\"https:\/\/www.facebook.com\/denomades\" \/>\n<meta property=\"article:modified_time\" content=\"2025-01-13T13:28:46+00:00\" \/>\n<meta property=\"og:image\" content=\"https:\/\/denomades-blog.imgix.net\/blog\/wp-content\/uploads\/2018\/01\/18161848\/portada.jpg?auto=compress%2Cformat&ixlib=php-3.3.1\" \/>\n\t<meta property=\"og:image:width\" content=\"1879\" \/>\n\t<meta property=\"og:image:height\" content=\"1255\" \/>\n\t<meta property=\"og:image:type\" content=\"image\/jpeg\" \/>\n<script type=\"application\/ld+json\" class=\"yoast-schema-graph\">{\"@context\":\"https:\/\/schema.org\",\"@graph\":[{\"@type\":\"WebPage\",\"@id\":\"https:\/\/www.nomades.com\/blog\/en\/\",\"url\":\"https:\/\/www.nomades.com\/blog\/en\/\",\"name\":\"Blog Nomades: Informaci\u00f3n y gu\u00eda de viajes, qu\u00e9 hacer, ver y visita\",\"isPartOf\":{\"@id\":\"https:\/\/www.nomades.com\/blog\/en\/#website\"},\"datePublished\":\"2025-01-13T13:28:45+00:00\",\"dateModified\":\"2025-01-13T13:28:46+00:00\",\"description\":\"The best travel guides, to know what to do and what to see visiting the best places in the world, everything for your next trip.\",\"breadcrumb\":{\"@id\":\"https:\/\/www.nomades.com\/blog\/en\/#breadcrumb\"},\"inLanguage\":\"en-US\",\"potentialAction\":[{\"@type\":\"ReadAction\",\"target\":[\"https:\/\/www.nomades.com\/blog\/en\/\"]}]},{\"@type\":\"BreadcrumbList\",\"@id\":\"https:\/\/www.nomades.com\/blog\/en\/#breadcrumb\",\"itemListElement\":[{\"@type\":\"ListItem\",\"position\":1,\"name\":\"Home\",\"item\":\"https:\/\/www.nomades.com\/blog\/en\/\"},{\"@type\":\"ListItem\",\"position\":2,\"name\":\"Home\"}]},{\"@type\":\"WebSite\",\"@id\":\"https:\/\/www.nomades.com\/blog\/en\/#website\",\"url\":\"https:\/\/www.nomades.com\/blog\/en\/\",\"name\":\"Blog Nomades: Informaci\u00f3n y gu\u00eda de viajes, qu\u00e9 hacer, ver y visita\",\"description\":\"South America&#039;s leading online tour booking site. With us you can discover and book thousands of amazing activities online. From a three-day tour of the Peruvian Amazon to a five-day circuit in Chilean Patagonia.\",\"publisher\":{\"@id\":\"https:\/\/www.nomades.com\/blog\/en\/#organization\"},\"potentialAction\":[{\"@type\":\"SearchAction\",\"target\":{\"@type\":\"EntryPoint\",\"urlTemplate\":\"https:\/\/www.nomades.com\/blog\/en\/?s={search_term_string}\"},\"query-input\":{\"@type\":\"PropertyValueSpecification\",\"valueRequired\":true,\"valueName\":\"search_term_string\"}}],\"inLanguage\":\"en-US\"},{\"@type\":\"Organization\",\"@id\":\"https:\/\/www.nomades.com\/blog\/en\/#organization\",\"name\":\"Blog Nomades: Informaci\u00f3n y gu\u00eda de viajes, qu\u00e9 hacer, ver y visita\",\"url\":\"https:\/\/www.nomades.com\/blog\/en\/\",\"logo\":{\"@type\":\"ImageObject\",\"inLanguage\":\"en-US\",\"@id\":\"https:\/\/www.nomades.com\/blog\/en\/#\/schema\/logo\/image\/\",\"url\":\"https:\/\/denomades-blog.imgix.net\/blog\/wp-content\/uploads\/2025\/09\/30113339\/logo@3x.png?auto=compress%2Cformat&ixlib=php-3.3.1\",\"contentUrl\":\"https:\/\/denomades-blog.imgix.net\/blog\/wp-content\/uploads\/2025\/09\/30113339\/logo@3x.png?auto=compress%2Cformat&ixlib=php-3.3.1\",\"width\":400,\"height\":50,\"caption\":\"Blog Nomades: Informaci\u00f3n y gu\u00eda de viajes, qu\u00e9 hacer, ver y visita\"},\"image\":{\"@id\":\"https:\/\/www.nomades.com\/blog\/en\/#\/schema\/logo\/image\/\"},\"sameAs\":[\"https:\/\/www.facebook.com\/denomades\",\"https:\/\/www.instagram.com\/denomades\/\",\"https:\/\/cl.pinterest.com\/denomades\/\",\"https:\/\/www.tiktok.com\/@denomades.com\",\"https:\/\/www.youtube.com\/@Denomades\"]}]}<\/script>\n<!-- \/ Yoast SEO plugin. -->","yoast_head_json":{"title":"Blog Nomades: Informaci\u00f3n y gu\u00eda de viajes, qu\u00e9 hacer, ver y visita","description":"The best travel guides, to know what to do and what to see visiting the best places in the world, everything for your next trip.","robots":{"index":"index","follow":"follow","max-snippet":"max-snippet:-1","max-image-preview":"max-image-preview:large","max-video-preview":"max-video-preview:-1"},"canonical":"https:\/\/www.nomades.com\/blog\/en\/","og_locale":"en_US","og_type":"article","og_title":"Blog Nomades: Informaci\u00f3n y gu\u00eda de viajes, qu\u00e9 hacer, ver y visita","og_description":"The best travel guides, to know what to do and what to see visiting the best places in the world, everything for your next trip.","og_url":"https:\/\/www.nomades.com\/blog\/en\/","og_site_name":"Blog Nomades: Informaci\u00f3n y gu\u00eda de viajes, qu\u00e9 hacer, ver y visita","article_publisher":"https:\/\/www.facebook.com\/denomades","article_modified_time":"2025-01-13T13:28:46+00:00","og_image":[{"width":1879,"height":1255,"url":"https:\/\/denomades-blog.imgix.net\/blog\/wp-content\/uploads\/2018\/01\/18161848\/portada.jpg?auto=compress%2Cformat&ixlib=php-3.3.1","type":"image\/jpeg"}],"schema":{"@context":"https:\/\/schema.org","@graph":[{"@type":"WebPage","@id":"https:\/\/www.nomades.com\/blog\/en\/","url":"https:\/\/www.nomades.com\/blog\/en\/","name":"Blog Nomades: Informaci\u00f3n y gu\u00eda de viajes, qu\u00e9 hacer, ver y visita","isPartOf":{"@id":"https:\/\/www.nomades.com\/blog\/en\/#website"},"datePublished":"2025-01-13T13:28:45+00:00","dateModified":"2025-01-13T13:28:46+00:00","description":"The best travel guides, to know what to do and what to see visiting the best places in the world, everything for your next trip.","breadcrumb":{"@id":"https:\/\/www.nomades.com\/blog\/en\/#breadcrumb"},"inLanguage":"en-US","potentialAction":[{"@type":"ReadAction","target":["https:\/\/www.nomades.com\/blog\/en\/"]}]},{"@type":"BreadcrumbList","@id":"https:\/\/www.nomades.com\/blog\/en\/#breadcrumb","itemListElement":[{"@type":"ListItem","position":1,"name":"Home","item":"https:\/\/www.nomades.com\/blog\/en\/"},{"@type":"ListItem","position":2,"name":"Home"}]},{"@type":"WebSite","@id":"https:\/\/www.nomades.com\/blog\/en\/#website","url":"https:\/\/www.nomades.com\/blog\/en\/","name":"Blog Nomades: Informaci\u00f3n y gu\u00eda de viajes, qu\u00e9 hacer, ver y visita","description":"South America&#039;s leading online tour booking site. With us you can discover and book thousands of amazing activities online. From a three-day tour of the Peruvian Amazon to a five-day circuit in Chilean Patagonia.","publisher":{"@id":"https:\/\/www.nomades.com\/blog\/en\/#organization"},"potentialAction":[{"@type":"SearchAction","target":{"@type":"EntryPoint","urlTemplate":"https:\/\/www.nomades.com\/blog\/en\/?s={search_term_string}"},"query-input":{"@type":"PropertyValueSpecification","valueRequired":true,"valueName":"search_term_string"}}],"inLanguage":"en-US"},{"@type":"Organization","@id":"https:\/\/www.nomades.com\/blog\/en\/#organization","name":"Blog Nomades: Informaci\u00f3n y gu\u00eda de viajes, qu\u00e9 hacer, ver y visita","url":"https:\/\/www.nomades.com\/blog\/en\/","logo":{"@type":"ImageObject","inLanguage":"en-US","@id":"https:\/\/www.nomades.com\/blog\/en\/#\/schema\/logo\/image\/","url":"https:\/\/denomades-blog.imgix.net\/blog\/wp-content\/uploads\/2025\/09\/30113339\/logo@3x.png?auto=compress%2Cformat&ixlib=php-3.3.1","contentUrl":"https:\/\/denomades-blog.imgix.net\/blog\/wp-content\/uploads\/2025\/09\/30113339\/logo@3x.png?auto=compress%2Cformat&ixlib=php-3.3.1","width":400,"height":50,"caption":"Blog Nomades: Informaci\u00f3n y gu\u00eda de viajes, qu\u00e9 hacer, ver y visita"},"image":{"@id":"https:\/\/www.nomades.com\/blog\/en\/#\/schema\/logo\/image\/"},"sameAs":["https:\/\/www.facebook.com\/denomades","https:\/\/www.instagram.com\/denomades\/","https:\/\/cl.pinterest.com\/denomades\/","https:\/\/www.tiktok.com\/@denomades.com","https:\/\/www.youtube.com\/@Denomades"]}]}},"_links":{"self":[{"href":"https:\/\/www.nomades.com\/blog\/en\/wp-json\/wp\/v2\/pages\/20039"}],"collection":[{"href":"https:\/\/www.nomades.com\/blog\/en\/wp-json\/wp\/v2\/pages"}],"about":[{"href":"https:\/\/www.nomades.com\/blog\/en\/wp-json\/wp\/v2\/types\/page"}],"author":[{"embeddable":true,"href":"https:\/\/www.nomades.com\/blog\/en\/wp-json\/wp\/v2\/users\/4"}],"replies":[{"embeddable":true,"href":"https:\/\/www.nomades.com\/blog\/en\/wp-json\/wp\/v2\/comments?post=20039"}],"version-history":[{"count":1,"href":"https:\/\/www.nomades.com\/blog\/en\/wp-json\/wp\/v2\/pages\/20039\/revisions"}],"predecessor-version":[{"id":20040,"href":"https:\/\/www.nomades.com\/blog\/en\/wp-json\/wp\/v2\/pages\/20039\/revisions\/20040"}],"wp:attachment":[{"href":"https:\/\/www.nomades.com\/blog\/en\/wp-json\/wp\/v2\/media?parent=20039"}],"curies":[{"name":"wp","href":"https:\/\/api.w.org\/{rel}","templated":true}]}}